    {"id":98,"date":"2025-06-29T15:58:07","date_gmt":"2025-06-29T15:58:07","guid":{"rendered":"https:\/\/nomadbitz.com\/?page_id=98"},"modified":"2025-06-29T15:58:07","modified_gmt":"2025-06-29T15:58:07","slug":"contact-us","status":"publish","type":"page","link":"https:\/\/nomadbitz.com\/ro\/contact-us\/","title":{"rendered":"Contacta\u0163i-ne"},"content":{"rendered":"<p>V\u0103 mul\u021bumim pentru vizit\u0103 <strong>NomadBitz<\/strong>, platforma ta de \u00eencredere pentru informa\u021bii tehnologice, inova\u021bie \u0219i transformare digital\u0103. Apreciem cu adev\u0103rat mesajele tale \u0219i suntem aici pentru a te sprijini, a te conecta \u0219i a colabora cu tine.<\/p>\n\n\n\n<h3 class=\"wp-block-heading\">\u00centreb\u0103ri generale<\/h3>\n\n\n\n<p>Am o \u00eentrebare despre <strong>NomadBitz<\/strong> sau pur \u0219i simplu dori\u021bi s\u0103 ne contacta\u021bi? Trimite\u021bi-ne un e-mail la <strong><a>contact@nomadbitz.com<\/a><\/strong><br>Ne place s\u0103 auzim ve\u0219ti de la comunitatea noastr\u0103 \u0219i v\u0103 vom contacta c\u00e2t mai cur\u00e2nd posibil.<\/p>\n\n\n\n<h3 class=\"wp-block-heading\">Sugestii \u0219i contribu\u021bii de con\u021binut<\/h3>\n\n\n\n<p>Ai o idee pentru un articol nou? Vrei s\u0103-\u021bi \u00eemp\u0103rt\u0103\u0219e\u0219ti expertiza sau s\u0103 sugerezi un subiect pe care ar trebui s\u0103-l abord\u0103m? Contacteaz\u0103-ne. <strong><a>editor@nomadbitz.com<\/a><\/strong><br>Suntem mereu \u00een c\u0103utare de perspective \u0219i voci noi \u00een lumea tehnologiei, strategiei de con\u021binut \u0219i inova\u021biei digitale.<\/p>\n\n\n\n<h3 class=\"wp-block-heading\">Asisten\u021b\u0103 tehnic\u0103<\/h3>\n\n\n\n<p>Dac\u0103 \u00eent\u00e2mpina\u021bi probleme cu platforma noastr\u0103 sau ave\u021bi nevoie de ajutor pentru accesarea con\u021binutului, nu ezita\u021bi s\u0103 ne contacta\u021bi la <strong><a>support@nomadbitz.com<\/a><\/strong><br>Suntem aici pentru a ne asigura c\u0103 experien\u021ba ta cu NomadBitz este c\u00e2t mai u\u0219oar\u0103 posibil.<\/p>\n\n\n\n<h3 class=\"wp-block-heading\">R\u0103m\u00e2i conectat<\/h3>\n\n\n\n<p><strong>NomadBitz<\/strong> este o platform\u0103 digital\u0103, creat\u0103 pentru cititorii din \u00eentreaga lume. De\u0219i nu oper\u0103m dintr-un birou fizic, suntem mereu online - gata s\u0103 v\u0103 ascult\u0103m, s\u0103 v\u0103 sprijinim \u0219i s\u0103 cre\u0219tem al\u0103turi de dumneavoastr\u0103.<\/p>\n\n\n\n<p>Mul\u021bumesc \u00eenc\u0103 o dat\u0103 c\u0103 faci parte din <strong>NomadBitz<\/strong> comunitate. A\u0219tept\u0103m cu ner\u0103bdare s\u0103 v\u0103 auzim!<\/p>\n\n\n\n<p><strong>Salut\u0103ri calde,<\/strong><br><strong>Echipa NomadBitz<\/strong><\/p>","protected":false},"excerpt":{"rendered":"<p>V\u0103 mul\u021bumim c\u0103 a\u021bi vizitat NomadBitz, platforma dumneavoastr\u0103 de \u00eencredere pentru informa\u021bii tehnologice, inova\u021bie \u0219i transformare digital\u0103. Apreciem cu adev\u0103rat mesajele dumneavoastr\u0103 \u0219i suntem aici pentru a v\u0103 sprijini, a v\u0103 conecta \u0219i a colabora cu dumneavoastr\u0103. \u00centreb\u0103ri generale Ave\u021bi o \u00eentrebare despre NomadBitz sau dori\u021bi doar s\u0103 ne contacta\u021bi? E-maila\u021bi-ne la contact@nomadbitz.com Ne place s\u0103 auzim de la comunitatea noastr\u0103 \u0219i vom [\u2026]<\/p>","protected":false},"author":198,"featured_media":0,"parent":0,"menu_order":0,"comment_status":"closed","ping_status":"closed","template":"","meta":{"footnotes":""},"_links":{"self":[{"href":"https:\/\/nomadbitz.com\/ro\/wp-json\/wp\/v2\/pages\/98"}],"collection":[{"href":"https:\/\/nomadbitz.com\/ro\/wp-json\/wp\/v2\/pages"}],"about":[{"href":"https:\/\/nomadbitz.com\/ro\/wp-json\/wp\/v2\/types\/page"}],"author":[{"embeddable":true,"href":"https:\/\/nomadbitz.com\/ro\/wp-json\/wp\/v2\/users\/198"}],"replies":[{"embeddable":true,"href":"https:\/\/nomadbitz.com\/ro\/wp-json\/wp\/v2\/comments?post=98"}],"version-history":[{"count":1,"href":"https:\/\/nomadbitz.com\/ro\/wp-json\/wp\/v2\/pages\/98\/revisions"}],"predecessor-version":[{"id":99,"href":"https:\/\/nomadbitz.com\/ro\/wp-json\/wp\/v2\/pages\/98\/revisions\/99"}],"wp:attachment":[{"href":"https:\/\/nomadbitz.com\/ro\/wp-json\/wp\/v2\/media?parent=98"}],"curies":[{"name":"wp","href":"https:\/\/api.w.org\/{rel}","templated":true}]}}