    {"id":98,"date":"2025-06-29T15:58:07","date_gmt":"2025-06-29T15:58:07","guid":{"rendered":"https:\/\/nomadbitz.com\/?page_id=98"},"modified":"2025-06-29T15:58:07","modified_gmt":"2025-06-29T15:58:07","slug":"contact-us","status":"publish","type":"page","link":"https:\/\/nomadbitz.com\/pt\/contact-us\/","title":{"rendered":"Contate-nos"},"content":{"rendered":"<p>Obrigado pela visita <strong>NomadBitz<\/strong>, sua plataforma confi\u00e1vel para insights de tecnologia, inova\u00e7\u00e3o e transforma\u00e7\u00e3o digital. Valorizamos suas mensagens e estamos aqui para apoiar, conectar e colaborar com voc\u00ea.<\/p>\n\n\n\n<h3 class=\"wp-block-heading\">Consultas Gerais<\/h3>\n\n\n\n<p>Tem alguma pergunta sobre <strong>NomadBitz<\/strong> ou apenas quer entrar em contato? Envie-nos um e-mail para <strong><a>contato@nomadbitz.com<\/a><\/strong><br>Adoramos ouvir a opini\u00e3o da nossa comunidade e entraremos em contato com voc\u00ea o mais breve poss\u00edvel.<\/p>\n\n\n\n<h3 class=\"wp-block-heading\">Sugest\u00f5es e contribui\u00e7\u00f5es de conte\u00fado<\/h3>\n\n\n\n<p>Tem uma ideia para um novo artigo? Quer compartilhar sua experi\u00eancia ou sugerir um t\u00f3pico que devemos abordar? Entre em contato conosco <strong><a>editor@nomadbitz.com<\/a><\/strong><br>Estamos sempre buscando novas perspectivas e vozes no mundo da tecnologia, estrat\u00e9gia de conte\u00fado e inova\u00e7\u00e3o digital.<\/p>\n\n\n\n<h3 class=\"wp-block-heading\">Suporte t\u00e9cnico<\/h3>\n\n\n\n<p>Se voc\u00ea estiver enfrentando algum problema com nossa plataforma ou precisar de ajuda para acessar o conte\u00fado, n\u00e3o hesite em nos contatar em <strong><a>support@nomadbitz.com<\/a><\/strong><br>Estamos aqui para garantir que sua experi\u00eancia com o NomadBitz seja a mais tranquila poss\u00edvel.<\/p>\n\n\n\n<h3 class=\"wp-block-heading\">Fique conectado<\/h3>\n\n\n\n<p><strong>NomadBitz<\/strong> \u00e9 uma plataforma digital criada para leitores do mundo todo. Embora n\u00e3o tenhamos um escrit\u00f3rio f\u00edsico, estamos sempre online \u2014 prontos para ouvir, apoiar e crescer com voc\u00ea.<\/p>\n\n\n\n<p>Obrigado novamente por fazer parte do <strong>NomadBitz<\/strong> comunidade. Aguardamos seu contato!<\/p>\n\n\n\n<p><strong>Atenciosamente,<\/strong><br><strong>A equipe NomadBitz<\/strong><\/p>","protected":false},"excerpt":{"rendered":"<p>Obrigado por visitar o NomadBitz, sua plataforma confi\u00e1vel para insights sobre tecnologia, inova\u00e7\u00e3o e transforma\u00e7\u00e3o digital. Valorizamos muito suas mensagens e estamos aqui para apoiar, conectar e colaborar com voc\u00ea. D\u00favidas Gerais Tem alguma pergunta sobre o NomadBitz ou simplesmente quer entrar em contato? Envie um e-mail para contact@nomadbitz.com. Adoramos receber mensagens da nossa comunidade e responderemos o mais breve poss\u00edvel.<\/p>","protected":false},"author":198,"featured_media":0,"parent":0,"menu_order":0,"comment_status":"closed","ping_status":"closed","template":"","meta":{"footnotes":""},"_links":{"self":[{"href":"https:\/\/nomadbitz.com\/pt\/wp-json\/wp\/v2\/pages\/98"}],"collection":[{"href":"https:\/\/nomadbitz.com\/pt\/wp-json\/wp\/v2\/pages"}],"about":[{"href":"https:\/\/nomadbitz.com\/pt\/wp-json\/wp\/v2\/types\/page"}],"author":[{"embeddable":true,"href":"https:\/\/nomadbitz.com\/pt\/wp-json\/wp\/v2\/users\/198"}],"replies":[{"embeddable":true,"href":"https:\/\/nomadbitz.com\/pt\/wp-json\/wp\/v2\/comments?post=98"}],"version-history":[{"count":1,"href":"https:\/\/nomadbitz.com\/pt\/wp-json\/wp\/v2\/pages\/98\/revisions"}],"predecessor-version":[{"id":99,"href":"https:\/\/nomadbitz.com\/pt\/wp-json\/wp\/v2\/pages\/98\/revisions\/99"}],"wp:attachment":[{"href":"https:\/\/nomadbitz.com\/pt\/wp-json\/wp\/v2\/media?parent=98"}],"curies":[{"name":"wp","href":"https:\/\/api.w.org\/{rel}","templated":true}]}}