    {"id":96,"date":"2025-06-29T15:57:00","date_gmt":"2025-06-29T15:57:00","guid":{"rendered":"https:\/\/nomadbitz.com\/?page_id=96"},"modified":"2025-06-29T15:57:00","modified_gmt":"2025-06-29T15:57:00","slug":"about-us","status":"publish","type":"page","link":"https:\/\/nomadbitz.com\/pt\/about-us\/","title":{"rendered":"Sobre n\u00f3s"},"content":{"rendered":"<p>Bem-vindo ao <strong>NomadBitz<\/strong> \u2013 seu centro de insights tecnol\u00f3gicos, inova\u00e7\u00e3o digital e cria\u00e7\u00e3o de conte\u00fado relevante. Seja explorando tecnologias emergentes, construindo uma marca digital ou acompanhando as \u00faltimas tend\u00eancias em transforma\u00e7\u00e3o, <strong>NomadBitz<\/strong> est\u00e1 aqui para orientar e inspirar voc\u00ea em cada passo do caminho.<\/p>\n\n\n\n<h3 class=\"wp-block-heading\">O que nos move<\/h3>\n\n\n\n<p>No <strong>NomadBitz<\/strong>Acreditamos que tecnologia n\u00e3o se resume apenas a ferramentas \u2013 trata-se de pessoas, impacto e progresso. Nossa miss\u00e3o \u00e9 simples: compartilhar artigos perspicazes e f\u00e1ceis de assimilar que ajudem criadores, profissionais e empreendedores a se manterem \u00e0 frente em um mundo digital em r\u00e1pida transforma\u00e7\u00e3o. Escrevemos n\u00e3o apenas para informar, mas tamb\u00e9m para gerar ideias e impulsionar a\u00e7\u00f5es.<\/p>\n\n\n\n<h3 class=\"wp-block-heading\">Quem somos<\/h3>\n\n\n\n<p>Somos uma equipe de entusiastas de tecnologia, estrategistas digitais e contadores de hist\u00f3rias apaixonados por preencher a lacuna entre inova\u00e7\u00e3o e comunica\u00e7\u00e3o. <strong>NomadBitz<\/strong> nasceu da necessidade de conte\u00fado acess\u00edvel e envolvente que conecte tecnologia com a tomada de decis\u00f5es cotidianas \u2014 de startups a marcas estabelecidas.<\/p>\n\n\n\n<p>Abordamos o que importa: IA, automa\u00e7\u00e3o, computa\u00e7\u00e3o em nuvem, produtividade, estrat\u00e9gia de conte\u00fado, marketing digital e o lado humano da tecnologia.<\/p>\n\n\n\n<p>Aqui, voc\u00ea n\u00e3o \u00e9 apenas um leitor. Voc\u00ea faz parte de uma comunidade crescente que valoriza a curiosidade, o pensamento cr\u00edtico e o impulso para o futuro.<\/p>\n\n\n\n<h3 class=\"wp-block-heading\">Envolva-se<\/h3>\n\n\n\n<p>Tem um t\u00f3pico que gostaria que explor\u00e1ssemos? Quer compartilhar suas ideias ou propor uma colabora\u00e7\u00e3o? Adorar\u00edamos ouvir sua opini\u00e3o. <strong>NomadBitz<\/strong>, sua voz ajuda a moldar o que vem a seguir \u2014 porque o futuro do conte\u00fado \u00e9 cocriado.<\/p>\n\n\n\n<p>Vamos construir algo mais inteligente juntos \u2013 uma ideia, um artigo, uma transforma\u00e7\u00e3o de cada vez.<\/p>","protected":false},"excerpt":{"rendered":"<p>Bem-vindo ao NomadBitz \u2013 seu centro de insights tecnol\u00f3gicos, inova\u00e7\u00e3o digital e cria\u00e7\u00e3o de conte\u00fado relevante. Seja explorando tecnologias emergentes, construindo uma marca digital ou acompanhando as \u00faltimas tend\u00eancias em transforma\u00e7\u00e3o, o NomadBitz est\u00e1 aqui para orientar e inspirar voc\u00ea em cada etapa do caminho. O que nos motiva No NomadBitz, acreditamos que tecnologia n\u00e3o se resume apenas a [\u2026]<\/p>","protected":false},"author":198,"featured_media":0,"parent":0,"menu_order":0,"comment_status":"closed","ping_status":"closed","template":"","meta":{"footnotes":""},"_links":{"self":[{"href":"https:\/\/nomadbitz.com\/pt\/wp-json\/wp\/v2\/pages\/96"}],"collection":[{"href":"https:\/\/nomadbitz.com\/pt\/wp-json\/wp\/v2\/pages"}],"about":[{"href":"https:\/\/nomadbitz.com\/pt\/wp-json\/wp\/v2\/types\/page"}],"author":[{"embeddable":true,"href":"https:\/\/nomadbitz.com\/pt\/wp-json\/wp\/v2\/users\/198"}],"replies":[{"embeddable":true,"href":"https:\/\/nomadbitz.com\/pt\/wp-json\/wp\/v2\/comments?post=96"}],"version-history":[{"count":1,"href":"https:\/\/nomadbitz.com\/pt\/wp-json\/wp\/v2\/pages\/96\/revisions"}],"predecessor-version":[{"id":97,"href":"https:\/\/nomadbitz.com\/pt\/wp-json\/wp\/v2\/pages\/96\/revisions\/97"}],"wp:attachment":[{"href":"https:\/\/nomadbitz.com\/pt\/wp-json\/wp\/v2\/media?parent=96"}],"curies":[{"name":"wp","href":"https:\/\/api.w.org\/{rel}","templated":true}]}}