    {"id":96,"date":"2025-06-29T15:57:00","date_gmt":"2025-06-29T15:57:00","guid":{"rendered":"https:\/\/nomadbitz.com\/?page_id=96"},"modified":"2025-06-29T15:57:00","modified_gmt":"2025-06-29T15:57:00","slug":"about-us","status":"publish","type":"page","link":"https:\/\/nomadbitz.com\/nl\/about-us\/","title":{"rendered":"Over ons"},"content":{"rendered":"<p>Welkom bij <strong>NomadBitz<\/strong> \u2013 uw hub voor technologiegedreven inzichten, digitale innovatie en zinvolle contentcreatie. Of u nu opkomende technologie\u00ebn onderzoekt, een digitaal merk opbouwt of de laatste trends in transformatie volgt, <strong>NomadBitz<\/strong> begeleidt en inspireert u bij elke stap.<\/p>\n\n\n\n<h3 class=\"wp-block-heading\">Wat ons drijft<\/h3>\n\n\n\n<p>Bij <strong>NomadBitz<\/strong>Wij geloven dat technologie niet alleen om tools draait \u2013 het gaat om mensen, impact en vooruitgang. Onze missie is simpel: het delen van inzichtelijke, makkelijk te begrijpen artikelen die makers, professionals en ondernemers helpen om voorop te blijven lopen in een snel veranderende digitale wereld. We schrijven niet alleen om te informeren, maar ook om idee\u00ebn te stimuleren en actie te ondernemen.<\/p>\n\n\n\n<h3 class=\"wp-block-heading\">Wie wij zijn<\/h3>\n\n\n\n<p>Wij zijn een team van technologie-enthousiastelingen, digitale strategen en verhalenvertellers die graag de kloof tussen innovatie en communicatie willen overbruggen. <strong>NomadBitz<\/strong> is ontstaan uit de behoefte aan toegankelijke, boeiende content die technologie verbindt met dagelijkse besluitvorming \u2013 van startups tot gevestigde merken.<\/p>\n\n\n\n<p>Wij bespreken de belangrijkste onderwerpen: AI, automatisering, cloud computing, productiviteit, contentstrategie, digitale marketing en de menselijke kant van technologie.<\/p>\n\n\n\n<p>Hier ben je niet zomaar een lezer. Je maakt deel uit van een groeiende gemeenschap die waarde hecht aan nieuwsgierigheid, kritisch denken en vooruitgang.<\/p>\n\n\n\n<h3 class=\"wp-block-heading\">Doe mee<\/h3>\n\n\n\n<p>Heeft u een onderwerp dat u graag met ons wilt bespreken? Wilt u uw inzichten delen of een samenwerking voorstellen? We horen graag van u. <strong>NomadBitz<\/strong>, jouw stem helpt vorm te geven aan wat de toekomst brengt. Want de toekomst van content wordt samen gecre\u00eberd.<\/p>\n\n\n\n<p>Laten we samen iets slimmers bouwen: \u00e9\u00e9n idee, \u00e9\u00e9n artikel, \u00e9\u00e9n transformatie tegelijk.<\/p>","protected":false},"excerpt":{"rendered":"<p>Welkom bij NomadBitz \u2013 jouw hub voor technologiegedreven inzichten, digitale innovatie en zinvolle contentcreatie. Of je nu opkomende technologie\u00ebn verkent, een digitaal merk opbouwt of de laatste trends in transformatie volgt, NomadBitz staat klaar om je bij elke stap te begeleiden en te inspireren. Wat ons drijft Bij NomadBitz geloven we dat technologie niet alleen draait om [\u2026]<\/p>","protected":false},"author":198,"featured_media":0,"parent":0,"menu_order":0,"comment_status":"closed","ping_status":"closed","template":"","meta":{"footnotes":""},"_links":{"self":[{"href":"https:\/\/nomadbitz.com\/nl\/wp-json\/wp\/v2\/pages\/96"}],"collection":[{"href":"https:\/\/nomadbitz.com\/nl\/wp-json\/wp\/v2\/pages"}],"about":[{"href":"https:\/\/nomadbitz.com\/nl\/wp-json\/wp\/v2\/types\/page"}],"author":[{"embeddable":true,"href":"https:\/\/nomadbitz.com\/nl\/wp-json\/wp\/v2\/users\/198"}],"replies":[{"embeddable":true,"href":"https:\/\/nomadbitz.com\/nl\/wp-json\/wp\/v2\/comments?post=96"}],"version-history":[{"count":1,"href":"https:\/\/nomadbitz.com\/nl\/wp-json\/wp\/v2\/pages\/96\/revisions"}],"predecessor-version":[{"id":97,"href":"https:\/\/nomadbitz.com\/nl\/wp-json\/wp\/v2\/pages\/96\/revisions\/97"}],"wp:attachment":[{"href":"https:\/\/nomadbitz.com\/nl\/wp-json\/wp\/v2\/media?parent=96"}],"curies":[{"name":"wp","href":"https:\/\/api.w.org\/{rel}","templated":true}]}}