    {"id":96,"date":"2025-06-29T15:57:00","date_gmt":"2025-06-29T15:57:00","guid":{"rendered":"https:\/\/nomadbitz.com\/?page_id=96"},"modified":"2025-06-29T15:57:00","modified_gmt":"2025-06-29T15:57:00","slug":"about-us","status":"publish","type":"page","link":"https:\/\/nomadbitz.com\/it\/about-us\/","title":{"rendered":"Chi siamo"},"content":{"rendered":"<p>Benvenuti a <strong>NomadBitz<\/strong> \u2013 il tuo punto di riferimento per approfondimenti tecnologici, innovazione digitale e creazione di contenuti significativi. Che tu stia esplorando tecnologie emergenti, costruendo un brand digitale o seguendo le ultime tendenze in fatto di trasformazione, <strong>NomadBitz<\/strong> \u00e8 qui per guidarti e ispirarti in ogni fase del percorso.<\/p>\n\n\n\n<h3 class=\"wp-block-heading\">Ci\u00f2 che ci spinge<\/h3>\n\n\n\n<p>A <strong>NomadBitz<\/strong>Crediamo che la tecnologia non riguardi solo gli strumenti, ma anche le persone, l&#039;impatto e il progresso. La nostra missione \u00e8 semplice: condividere articoli approfonditi e di facile comprensione che aiutino creatori, professionisti e imprenditori a rimanere al passo con i tempi in un mondo digitale in rapida evoluzione. Scriviamo non solo per informare, ma per stimolare idee e guidare l&#039;azione.<\/p>\n\n\n\n<h3 class=\"wp-block-heading\">Chi siamo<\/h3>\n\n\n\n<p>Siamo un team di appassionati di tecnologia, strateghi digitali e narratori che amano colmare il divario tra innovazione e comunicazione. <strong>NomadBitz<\/strong> nasce dall&#039;esigenza di contenuti accessibili e coinvolgenti che colleghino la tecnologia al processo decisionale quotidiano, dalle startup ai marchi affermati.<\/p>\n\n\n\n<p>Ci occupiamo di ci\u00f2 che conta: intelligenza artificiale, automazione, cloud computing, produttivit\u00e0, strategia dei contenuti, marketing digitale e il lato umano della tecnologia.<\/p>\n\n\n\n<p>Qui non sei solo un lettore. Fai parte di una comunit\u00e0 in crescita che apprezza la curiosit\u00e0, il pensiero critico e lo slancio verso il futuro.<\/p>\n\n\n\n<h3 class=\"wp-block-heading\">Partecipa<\/h3>\n\n\n\n<p>Hai un argomento che vorresti che esplorassimo? Vuoi condividere le tue idee o proporre una collaborazione? Ci piacerebbe sentire il tuo parere. A <strong>NomadBitz<\/strong>, la tua voce contribuisce a plasmare ci\u00f2 che verr\u00e0, perch\u00e9 il futuro dei contenuti \u00e8 co-creato.<\/p>\n\n\n\n<p>Costruiamo insieme qualcosa di pi\u00f9 intelligente: un&#039;idea, un articolo, una trasformazione alla volta.<\/p>","protected":false},"excerpt":{"rendered":"<p>Benvenuti su NomadBitz, il vostro punto di riferimento per approfondimenti tecnologici, innovazione digitale e creazione di contenuti significativi. Che stiate esplorando tecnologie emergenti, costruendo un brand digitale o seguendo le ultime tendenze in fatto di trasformazione, NomadBitz \u00e8 qui per guidarvi e ispirarvi in ogni fase del percorso. Cosa ci spinge? Noi di NomadBitz crediamo che la tecnologia non riguardi solo [\u2026]<\/p>","protected":false},"author":198,"featured_media":0,"parent":0,"menu_order":0,"comment_status":"closed","ping_status":"closed","template":"","meta":{"footnotes":""},"_links":{"self":[{"href":"https:\/\/nomadbitz.com\/it\/wp-json\/wp\/v2\/pages\/96"}],"collection":[{"href":"https:\/\/nomadbitz.com\/it\/wp-json\/wp\/v2\/pages"}],"about":[{"href":"https:\/\/nomadbitz.com\/it\/wp-json\/wp\/v2\/types\/page"}],"author":[{"embeddable":true,"href":"https:\/\/nomadbitz.com\/it\/wp-json\/wp\/v2\/users\/198"}],"replies":[{"embeddable":true,"href":"https:\/\/nomadbitz.com\/it\/wp-json\/wp\/v2\/comments?post=96"}],"version-history":[{"count":1,"href":"https:\/\/nomadbitz.com\/it\/wp-json\/wp\/v2\/pages\/96\/revisions"}],"predecessor-version":[{"id":97,"href":"https:\/\/nomadbitz.com\/it\/wp-json\/wp\/v2\/pages\/96\/revisions\/97"}],"wp:attachment":[{"href":"https:\/\/nomadbitz.com\/it\/wp-json\/wp\/v2\/media?parent=96"}],"curies":[{"name":"wp","href":"https:\/\/api.w.org\/{rel}","templated":true}]}}