    {"id":93,"date":"2025-06-29T15:54:55","date_gmt":"2025-06-29T15:54:55","guid":{"rendered":"https:\/\/nomadbitz.com\/?page_id=93"},"modified":"2025-10-23T14:51:45","modified_gmt":"2025-10-23T14:51:45","slug":"terms-of-use","status":"publish","type":"page","link":"https:\/\/nomadbitz.com\/it\/terms-of-use\/","title":{"rendered":"Termini di utilizzo"},"content":{"rendered":"<p><strong>Ultimo aggiornamento: 29 giugno 2025<\/strong><\/p>\n\n\n\n<p><strong>NomadBitz<\/strong> (<a class=\"\" href=\"https:\/\/nomadbitz.com\/it\/\">https:\/\/nomadbitz.com<\/a>) opera come piattaforma di contenuti digitali indipendente che offre articoli e approfondimenti didattici incentrati su tendenze tecnologiche, innovazione e trasformazione digitale. Accedendo o utilizzando questo sito web, l&#039;utente accetta di rispettare i termini, le condizioni e le politiche descritte di seguito.<\/p>\n\n\n\n<p>Le presenti Condizioni d&#039;uso definiscono i diritti e le responsabilit\u00e0 degli utenti che interagiscono con la piattaforma NomadBitz. L&#039;utilizzo del sito web \u00e8 inoltre soggetto alla nostra Informativa sulla privacy.<\/p>\n\n\n\n<p><strong>LEGGERE ATTENTAMENTE I PRESENTI TERMINI. SE NON SI \u00c8 D&#039;ACCORDO CON ESSI, SI PREGA DI NON UTILIZZARE NOMADBItZ O NESSUNO DEI SUOI SERVIZI.<\/strong><\/p>\n\n\n\n<h3 class=\"wp-block-heading\">Articolo I \u2013 Contratto d\u2019uso<\/h3>\n\n\n\n<p>1.1 Utilizzando NomadBitz, confermi la tua piena accettazione delle presenti Condizioni d&#039;uso e della nostra Informativa sulla privacy.<br>1.2 Per utilizzare questa piattaforma devi avere almeno 18 anni o avere la capacit\u00e0 giuridica nella tua giurisdizione.<br>1.3 Se non si soddisfano queste condizioni o non si \u00e8 d&#039;accordo con una qualsiasi parte di questi termini, non \u00e8 possibile accedere o utilizzare i nostri servizi.<\/p>\n\n\n\n<h3 class=\"wp-block-heading\">Articolo II \u2013 Comunicazione<\/h3>\n\n\n\n<p>2.1 NomadBitz fornisce canali di comunicazione affinch\u00e9 gli utenti possano porre domande, inviare suggerimenti o segnalare problemi tecnici.<br>2.2 Puoi contattarci tramite la nostra pagina Contatti o tramite gli indirizzi email indicati l\u00ec.<\/p>\n\n\n\n<h3 class=\"wp-block-heading\">Articolo III \u2013 Responsabilit\u00e0 della Parte<\/h3>\n\n\n\n<p>3.1 Gli utenti devono accettare e rispettare i presenti Termini di utilizzo e l&#039;Informativa sulla privacy quando interagiscono con i contenuti o i servizi di NomadBitz.<br>3.2 NomadBitz pu\u00f2 includere link a siti web di terze parti per ulteriori informazioni o riferimenti. Tali link sono forniti esclusivamente per comodit\u00e0.<br>3.3 Una volta reindirizzati, l&#039;utente \u00e8 soggetto alle policy del sito di terze parti. NomadBitz non \u00e8 responsabile dell&#039;accuratezza, delle pratiche o dell&#039;affidabilit\u00e0 dei siti web esterni.<br>3.4 Gli utenti sono gli unici responsabili della sicurezza della propria connessione Internet, del proprio dispositivo e dell&#039;accesso all&#039;account durante l&#039;utilizzo di NomadBitz.<br>3.5 NomadBitz non \u00e8 responsabile per danni causati da guasti tecnici, accessi non autorizzati o uso improprio della piattaforma al di fuori del nostro controllo.<br>3.6 Non chiederemo mai bonifici bancari, dati riservati o informazioni personali sensibili tramite canali non ufficiali.<br>3.7 Qualsiasi messaggio o attivit\u00e0 sospetta a nome di NomadBitz deve essere segnalata immediatamente tramite la nostra pagina dei contatti.<\/p>\n\n\n\n<h3 class=\"wp-block-heading\">Articolo IV \u2013 Condotta proibita<\/h3>\n\n\n\n<p>Agli utenti \u00e8 severamente vietato:<\/p>\n\n\n\n<ul>\n<li>Adottare comportamenti illegali, fraudolenti o dannosi;<\/li>\n\n\n\n<li>Violare i diritti di propriet\u00e0 intellettuale o le leggi sulla privacy;<\/li>\n\n\n\n<li>Caricare o distribuire virus o codice dannoso;<\/li>\n\n\n\n<li>Impersonare individui o entit\u00e0;<\/li>\n\n\n\n<li>Raccolta di dati senza consenso;<\/li>\n\n\n\n<li>Condivisione di contenuti fuorvianti o non autorizzati;<\/li>\n\n\n\n<li>Molestare, diffamare o minacciare gli altri;<\/li>\n\n\n\n<li>Tentativo di hackerare o interrompere le operazioni della piattaforma.<\/li>\n<\/ul>\n\n\n\n<p>Le violazioni possono comportare la sospensione o la cessazione definitiva dell&#039;accesso a NomadBitz, senza preavviso.<\/p>\n\n\n\n<h3 class=\"wp-block-heading\">Articolo V \u2013 Limitazione di responsabilit\u00e0 e garanzie<\/h3>\n\n\n\n<p>NomadBitz fornisce i suoi servizi e contenuti &quot;cos\u00ec come sono&quot; e &quot;come disponibili&quot;, senza garanzie esplicite o implicite.<br>Non garantiamo un accesso ininterrotto, materiali privi di errori o che i contenuti saranno sempre attuali o adatti a tutti gli scopi.<br>Nella misura massima consentita dalla legge, NomadBitz declina ogni responsabilit\u00e0 per eventuali danni diretti, indiretti, incidentali o consequenziali correlati all&#039;uso del sito o del suo contenuto.<\/p>\n\n\n\n<h3 class=\"wp-block-heading\">Articolo VI \u2013 Termine e termine legale<\/h3>\n\n\n\n<p>Le presenti Condizioni d&#039;uso rimangono valide a tempo indeterminato. Qualsiasi azione legale o controversia relativa alla piattaforma deve essere avviata entro 90 (novanta) giorni dall&#039;evento che ha dato origine alla controversia.<\/p>\n\n\n\n<h3 class=\"wp-block-heading\">Articolo VII \u2013 Legge applicabile e giurisdizione<\/h3>\n\n\n\n<p>Le presenti Condizioni d&#039;uso saranno regolate e interpretate in conformit\u00e0 con le <strong>leggi della Repubblica di Estonia<\/strong>Qualsiasi controversia, disputa o reclamo derivante da o relativo ai presenti Termini o all&#039;uso di questo sito web sar\u00e0 risolto in conformit\u00e0 con la legge estone, ai sensi del <strong>giurisdizione esclusiva dei tribunali situati a Tallinn, Estonia<\/strong>.<br>Questa clausola garantisce la trasparenza legale e l&#039;allineamento con le migliori pratiche di conformit\u00e0 internazionale, come previsto dalla normativa estone. <em>Legge sulle obbligazioni<\/em> E <em>Legge sul diritto internazionale privato<\/em>.<\/p>\n\n\n\n<h3 class=\"wp-block-heading\">Articolo VIII \u2013 Propriet\u00e0 intellettuale<\/h3>\n\n\n\n<p>8.1 Tutti i contenuti di NomadBitz, inclusi articoli, grafica, testo e branding, sono protetti dalle leggi sulla propriet\u00e0 intellettuale.<br>8.2 Non \u00e8 consentito copiare, riprodurre, ripubblicare o distribuire alcuna parte del contenuto senza l&#039;autorizzazione scritta di NomadBitz.<br>8.3 I contenuti inviati dagli utenti rimangono di responsabilit\u00e0 del collaboratore. NomadBitz si riserva il diritto di rimuovere qualsiasi contenuto che violi standard legali o etici.<\/p>\n\n\n\n<h3 class=\"wp-block-heading\">Articolo IX \u2013 Modifiche ai Termini<\/h3>\n\n\n\n<p>NomadBitz si riserva il diritto di aggiornare, modificare o interrompere qualsiasi parte di questi Termini o servizi in qualsiasi momento, senza preavviso.<br>\u00c8 tua responsabilit\u00e0 consultare periodicamente questa pagina. L&#039;uso continuato della piattaforma costituisce l&#039;accettazione di eventuali termini modificati.<\/p>\n\n\n\n<h3 class=\"wp-block-heading\">Articolo X \u2013 Contatto<\/h3>\n\n\n\n<p>Per domande o dubbi relativi alle presenti Condizioni d&#039;uso, puoi contattarci a:<br><a>https:\/\/nomadbitz.com\/contact<\/a><br><strong>E-mail:<\/strong> <a>info@nomadbitz.com<\/a><\/p>\n\n\n\n<p><strong>SE NON SI ACCETTANO QUESTI TERMINI, SI PREGA DI ASTENERSI DALL&#039;UTILIZZARE NOMADBItZ E I SUOI SERVIZI.<\/strong><\/p>","protected":false},"excerpt":{"rendered":"<p>Ultimo aggiornamento: 29 giugno 2025. NomadBitz (https:\/\/nomadbitz.com) opera come piattaforma di contenuti digitali indipendente che offre articoli e approfondimenti didattici incentrati su tendenze tecnologiche, innovazione e trasformazione digitale. Accedendo o utilizzando questo sito web, l&#039;utente accetta di rispettare i termini, le condizioni e le politiche descritte di seguito. Le presenti Condizioni d&#039;uso definiscono i diritti e le responsabilit\u00e0 di [\u2026]<\/p>","protected":false},"author":198,"featured_media":0,"parent":0,"menu_order":0,"comment_status":"closed","ping_status":"closed","template":"","meta":{"footnotes":""},"_links":{"self":[{"href":"https:\/\/nomadbitz.com\/it\/wp-json\/wp\/v2\/pages\/93"}],"collection":[{"href":"https:\/\/nomadbitz.com\/it\/wp-json\/wp\/v2\/pages"}],"about":[{"href":"https:\/\/nomadbitz.com\/it\/wp-json\/wp\/v2\/types\/page"}],"author":[{"embeddable":true,"href":"https:\/\/nomadbitz.com\/it\/wp-json\/wp\/v2\/users\/198"}],"replies":[{"embeddable":true,"href":"https:\/\/nomadbitz.com\/it\/wp-json\/wp\/v2\/comments?post=93"}],"version-history":[{"count":3,"href":"https:\/\/nomadbitz.com\/it\/wp-json\/wp\/v2\/pages\/93\/revisions"}],"predecessor-version":[{"id":5334,"href":"https:\/\/nomadbitz.com\/it\/wp-json\/wp\/v2\/pages\/93\/revisions\/5334"}],"wp:attachment":[{"href":"https:\/\/nomadbitz.com\/it\/wp-json\/wp\/v2\/media?parent=93"}],"curies":[{"name":"wp","href":"https:\/\/api.w.org\/{rel}","templated":true}]}}