    {"id":98,"date":"2025-06-29T15:58:07","date_gmt":"2025-06-29T15:58:07","guid":{"rendered":"https:\/\/nomadbitz.com\/?page_id=98"},"modified":"2025-06-29T15:58:07","modified_gmt":"2025-06-29T15:58:07","slug":"contact-us","status":"publish","type":"page","link":"https:\/\/nomadbitz.com\/fr\/contact-us\/","title":{"rendered":"Contactez-nous"},"content":{"rendered":"<p>Merci de votre visite <strong>NomadBitz<\/strong>, votre plateforme de confiance pour les informations technologiques, l&#039;innovation et la transformation num\u00e9rique. Nous accordons une grande importance \u00e0 vos messages et sommes l\u00e0 pour vous soutenir, communiquer et collaborer avec vous.<\/p>\n\n\n\n<h3 class=\"wp-block-heading\">Demandes g\u00e9n\u00e9rales<\/h3>\n\n\n\n<p>Vous avez une question sur <strong>NomadBitz<\/strong> ou souhaitez simplement nous contacter\u00a0? Envoyez-nous un e-mail \u00e0 <strong><a>contact@nomadbitz.com<\/a><\/strong><br>Nous aimons avoir des nouvelles de notre communaut\u00e9 et nous vous r\u00e9pondrons d\u00e8s que possible.<\/p>\n\n\n\n<h3 class=\"wp-block-heading\">Suggestions de contenu et contributions<\/h3>\n\n\n\n<p>Vous avez une id\u00e9e d&#039;article\u00a0? Vous souhaitez partager votre expertise ou sugg\u00e9rer un sujet\u00a0? Contactez-nous. <strong><a>editor@nomadbitz.com<\/a><\/strong><br>Nous sommes toujours \u00e0 la recherche de nouvelles perspectives et voix dans le monde de la technologie, de la strat\u00e9gie de contenu et de l&#039;innovation num\u00e9rique.<\/p>\n\n\n\n<h3 class=\"wp-block-heading\">Support technique<\/h3>\n\n\n\n<p>Si vous rencontrez des probl\u00e8mes avec notre plateforme ou avez besoin d&#039;aide pour acc\u00e9der au contenu, n&#039;h\u00e9sitez pas \u00e0 nous contacter \u00e0 <strong><a>support@nomadbitz.com<\/a><\/strong><br>Nous sommes l\u00e0 pour garantir que votre exp\u00e9rience avec NomadBitz soit aussi fluide que possible.<\/p>\n\n\n\n<h3 class=\"wp-block-heading\">Restez connect\u00e9<\/h3>\n\n\n\n<p><strong>NomadBitz<\/strong> est une plateforme num\u00e9rique con\u00e7ue pour les lecteurs du monde entier. Bien que nous ne soyons pas bas\u00e9s dans un bureau physique, nous sommes toujours en ligne, pr\u00eats \u00e0 vous \u00e9couter, \u00e0 vous soutenir et \u00e0 \u00e9voluer avec vous.<\/p>\n\n\n\n<p>Merci encore de faire partie de la <strong>NomadBitz<\/strong> communaut\u00e9. Au plaisir de vous lire\u00a0!<\/p>\n\n\n\n<p><strong>Cordialement,<\/strong><br><strong>L&#039;\u00e9quipe NomadBitz<\/strong><\/p>","protected":false},"excerpt":{"rendered":"<p>Merci de votre visite sur NomadBitz, votre plateforme de confiance pour vos id\u00e9es technologiques, votre innovation et votre transformation num\u00e9rique. Nous accordons une grande importance \u00e0 vos messages et sommes l\u00e0 pour vous soutenir, vous connecter et collaborer avec vous. Questions g\u00e9n\u00e9rales\u00a0: Vous avez une question sur NomadBitz ou souhaitez simplement nous contacter\u00a0? Envoyez-nous un e-mail \u00e0 contact@nomadbitz.com. Nous sommes \u00e0 l&#039;\u00e9coute de notre communaut\u00e9 et nous nous engageons \u00e0 [\u2026]<\/p>","protected":false},"author":198,"featured_media":0,"parent":0,"menu_order":0,"comment_status":"closed","ping_status":"closed","template":"","meta":{"footnotes":""},"_links":{"self":[{"href":"https:\/\/nomadbitz.com\/fr\/wp-json\/wp\/v2\/pages\/98"}],"collection":[{"href":"https:\/\/nomadbitz.com\/fr\/wp-json\/wp\/v2\/pages"}],"about":[{"href":"https:\/\/nomadbitz.com\/fr\/wp-json\/wp\/v2\/types\/page"}],"author":[{"embeddable":true,"href":"https:\/\/nomadbitz.com\/fr\/wp-json\/wp\/v2\/users\/198"}],"replies":[{"embeddable":true,"href":"https:\/\/nomadbitz.com\/fr\/wp-json\/wp\/v2\/comments?post=98"}],"version-history":[{"count":1,"href":"https:\/\/nomadbitz.com\/fr\/wp-json\/wp\/v2\/pages\/98\/revisions"}],"predecessor-version":[{"id":99,"href":"https:\/\/nomadbitz.com\/fr\/wp-json\/wp\/v2\/pages\/98\/revisions\/99"}],"wp:attachment":[{"href":"https:\/\/nomadbitz.com\/fr\/wp-json\/wp\/v2\/media?parent=98"}],"curies":[{"name":"wp","href":"https:\/\/api.w.org\/{rel}","templated":true}]}}