    {"id":96,"date":"2025-06-29T15:57:00","date_gmt":"2025-06-29T15:57:00","guid":{"rendered":"https:\/\/nomadbitz.com\/?page_id=96"},"modified":"2025-06-29T15:57:00","modified_gmt":"2025-06-29T15:57:00","slug":"about-us","status":"publish","type":"page","link":"https:\/\/nomadbitz.com\/fr\/about-us\/","title":{"rendered":"\u00c0 propos de nous"},"content":{"rendered":"<p>Bienvenue \u00e0 <strong>NomadBitz<\/strong> \u2013 votre plateforme d&#039;informations technologiques, d&#039;innovation num\u00e9rique et de cr\u00e9ation de contenu pertinent. Que vous exploriez les technologies \u00e9mergentes, construisiez une marque num\u00e9rique ou suiviez les derni\u00e8res tendances en mati\u00e8re de transformation, <strong>NomadBitz<\/strong> est l\u00e0 pour vous guider et vous inspirer \u00e0 chaque \u00e9tape du processus.<\/p>\n\n\n\n<h3 class=\"wp-block-heading\">Ce qui nous motive<\/h3>\n\n\n\n<p>\u00c0 <strong>NomadBitz<\/strong>Nous pensons que la technologie ne se r\u00e9sume pas \u00e0 des outils, mais concerne aussi les personnes, leur impact et le progr\u00e8s. Notre mission est simple\u00a0: partager des articles perspicaces et faciles \u00e0 comprendre pour aider les cr\u00e9ateurs, les professionnels et les entrepreneurs \u00e0 garder une longueur d&#039;avance dans un monde num\u00e9rique en constante \u00e9volution. Nous \u00e9crivons non seulement pour informer, mais aussi pour susciter des id\u00e9es et inciter \u00e0 l&#039;action.<\/p>\n\n\n\n<h3 class=\"wp-block-heading\">Qui sommes-nous<\/h3>\n\n\n\n<p>Nous sommes une \u00e9quipe de passionn\u00e9s de technologie, de strat\u00e8ges num\u00e9riques et de conteurs passionn\u00e9s par la r\u00e9duction du foss\u00e9 entre l&#039;innovation et la communication. <strong>NomadBitz<\/strong> est n\u00e9 du besoin d&#039;un contenu accessible et engageant qui relie la technologie \u00e0 la prise de d\u00e9cision quotidienne \u2014 des startups aux marques \u00e9tablies.<\/p>\n\n\n\n<p>Nous couvrons ce qui compte : l\u2019IA, l\u2019automatisation, le cloud computing, la productivit\u00e9, la strat\u00e9gie de contenu, le marketing num\u00e9rique et le c\u00f4t\u00e9 humain de la technologie.<\/p>\n\n\n\n<p>Ici, vous n&#039;\u00eates pas seulement un lecteur. Vous faites partie d&#039;une communaut\u00e9 grandissante qui valorise la curiosit\u00e9, l&#039;esprit critique et l&#039;innovation.<\/p>\n\n\n\n<h3 class=\"wp-block-heading\">Impliquez-vous<\/h3>\n\n\n\n<p>Vous avez un sujet que vous aimeriez que nous explorions\u00a0? Vous souhaitez partager vos id\u00e9es ou proposer une collaboration\u00a0? N&#039;h\u00e9sitez pas \u00e0 nous contacter. <strong>NomadBitz<\/strong>, votre voix contribue \u00e0 fa\u00e7onner ce qui va suivre, car l&#039;avenir du contenu est co-cr\u00e9\u00e9.<\/p>\n\n\n\n<p>Construisons quelque chose de plus intelligent, ensemble \u2013 une id\u00e9e, un article, une transformation \u00e0 la fois.<\/p>","protected":false},"excerpt":{"rendered":"<p>Welcome to NomadBitz \u2013 your hub for tech-driven insights, digital innovation, and meaningful content creation. Whether you\u2019re exploring emerging technologies, building a digital brand, or following the latest trends in transformation, NomadBitz is here to guide and inspire you every step of the way. What drives us At NomadBitz, we believe technology isn\u2019t just about [&hellip;]<\/p>","protected":false},"author":198,"featured_media":0,"parent":0,"menu_order":0,"comment_status":"closed","ping_status":"closed","template":"","meta":{"footnotes":""},"_links":{"self":[{"href":"https:\/\/nomadbitz.com\/fr\/wp-json\/wp\/v2\/pages\/96"}],"collection":[{"href":"https:\/\/nomadbitz.com\/fr\/wp-json\/wp\/v2\/pages"}],"about":[{"href":"https:\/\/nomadbitz.com\/fr\/wp-json\/wp\/v2\/types\/page"}],"author":[{"embeddable":true,"href":"https:\/\/nomadbitz.com\/fr\/wp-json\/wp\/v2\/users\/198"}],"replies":[{"embeddable":true,"href":"https:\/\/nomadbitz.com\/fr\/wp-json\/wp\/v2\/comments?post=96"}],"version-history":[{"count":1,"href":"https:\/\/nomadbitz.com\/fr\/wp-json\/wp\/v2\/pages\/96\/revisions"}],"predecessor-version":[{"id":97,"href":"https:\/\/nomadbitz.com\/fr\/wp-json\/wp\/v2\/pages\/96\/revisions\/97"}],"wp:attachment":[{"href":"https:\/\/nomadbitz.com\/fr\/wp-json\/wp\/v2\/media?parent=96"}],"curies":[{"name":"wp","href":"https:\/\/api.w.org\/{rel}","templated":true}]}}