    {"id":98,"date":"2025-06-29T15:58:07","date_gmt":"2025-06-29T15:58:07","guid":{"rendered":"https:\/\/nomadbitz.com\/?page_id=98"},"modified":"2025-06-29T15:58:07","modified_gmt":"2025-06-29T15:58:07","slug":"contact-us","status":"publish","type":"page","link":"https:\/\/nomadbitz.com\/es\/contact-us\/","title":{"rendered":"Cont\u00e1ctenos"},"content":{"rendered":"<p>Gracias por visitarnos <strong>NomadBitz<\/strong>, su plataforma de confianza para informaci\u00f3n tecnol\u00f3gica, innovaci\u00f3n y transformaci\u00f3n digital. Valoramos mucho sus mensajes y estamos aqu\u00ed para apoyarlos, conectar con ustedes y colaborar con ustedes.<\/p>\n\n\n\n<h3 class=\"wp-block-heading\">Consultas generales<\/h3>\n\n\n\n<p>\u00bfTienes alguna pregunta sobre? <strong>NomadBitz<\/strong> \u00bfO simplemente quieres contactarnos? Env\u00edanos un correo electr\u00f3nico a <strong><a>contacto@nomadbitz.com<\/a><\/strong><br>Nos encanta escuchar de nuestra comunidad y nos comunicaremos con usted lo antes posible.<\/p>\n\n\n\n<h3 class=\"wp-block-heading\">Sugerencias y contribuciones de contenido<\/h3>\n\n\n\n<p>\u00bfTienes una idea para un nuevo art\u00edculo? \u00bfQuieres compartir tu experiencia o sugerir un tema que deber\u00edamos tratar? Cont\u00e1ctanos. <strong><a>editor@nomadbitz.com<\/a><\/strong><br>Siempre estamos buscando nuevas perspectivas y voces en el mundo de la tecnolog\u00eda, la estrategia de contenido y la innovaci\u00f3n digital.<\/p>\n\n\n\n<h3 class=\"wp-block-heading\">Apoyo t\u00e9cnico<\/h3>\n\n\n\n<p>Si tiene alg\u00fan problema con nuestra plataforma o necesita ayuda para acceder al contenido, no dude en contactarnos en <strong><a>soporte@nomadbitz.com<\/a><\/strong><br>Estamos aqu\u00ed para garantizar que su experiencia con NomadBitz sea lo m\u00e1s fluida posible.<\/p>\n\n\n\n<h3 class=\"wp-block-heading\">Mantente conectado<\/h3>\n\n\n\n<p><strong>NomadBitz<\/strong> Es una plataforma digital dise\u00f1ada para lectores de todo el mundo. Si bien no operamos desde una oficina f\u00edsica, siempre estamos en l\u00ednea, listos para escucharte, apoyarte y crecer contigo.<\/p>\n\n\n\n<p>Gracias nuevamente por ser parte de la <strong>NomadBitz<\/strong> Comunidad. \u00a1Esperamos saber de usted!<\/p>\n\n\n\n<p><strong>Un cordial saludo,<\/strong><br><strong>El equipo de NomadBitz<\/strong><\/p>","protected":false},"excerpt":{"rendered":"<p>Gracias por visitar NomadBitz, su plataforma de confianza para obtener informaci\u00f3n tecnol\u00f3gica, innovaci\u00f3n y transformaci\u00f3n digital. Valoramos mucho sus mensajes y estamos aqu\u00ed para apoyarlo, conectarlo y colaborar con usted. Consultas generales: \u00bfTiene alguna pregunta sobre NomadBitz o simplemente desea contactarnos? Env\u00edenos un correo electr\u00f3nico a contact@nomadbitz.com. Nos encanta saber de nuestra comunidad y nos pondremos en contacto con usted [\u2026]<\/p>","protected":false},"author":198,"featured_media":0,"parent":0,"menu_order":0,"comment_status":"closed","ping_status":"closed","template":"","meta":{"footnotes":""},"_links":{"self":[{"href":"https:\/\/nomadbitz.com\/es\/wp-json\/wp\/v2\/pages\/98"}],"collection":[{"href":"https:\/\/nomadbitz.com\/es\/wp-json\/wp\/v2\/pages"}],"about":[{"href":"https:\/\/nomadbitz.com\/es\/wp-json\/wp\/v2\/types\/page"}],"author":[{"embeddable":true,"href":"https:\/\/nomadbitz.com\/es\/wp-json\/wp\/v2\/users\/198"}],"replies":[{"embeddable":true,"href":"https:\/\/nomadbitz.com\/es\/wp-json\/wp\/v2\/comments?post=98"}],"version-history":[{"count":1,"href":"https:\/\/nomadbitz.com\/es\/wp-json\/wp\/v2\/pages\/98\/revisions"}],"predecessor-version":[{"id":99,"href":"https:\/\/nomadbitz.com\/es\/wp-json\/wp\/v2\/pages\/98\/revisions\/99"}],"wp:attachment":[{"href":"https:\/\/nomadbitz.com\/es\/wp-json\/wp\/v2\/media?parent=98"}],"curies":[{"name":"wp","href":"https:\/\/api.w.org\/{rel}","templated":true}]}}