    {"id":96,"date":"2025-06-29T15:57:00","date_gmt":"2025-06-29T15:57:00","guid":{"rendered":"https:\/\/nomadbitz.com\/?page_id=96"},"modified":"2025-06-29T15:57:00","modified_gmt":"2025-06-29T15:57:00","slug":"about-us","status":"publish","type":"page","link":"https:\/\/nomadbitz.com\/es\/about-us\/","title":{"rendered":"Sobre nosotros"},"content":{"rendered":"<p>Bienvenido a <strong>NomadBitz<\/strong> Tu centro de conocimientos tecnol\u00f3gicos, innovaci\u00f3n digital y creaci\u00f3n de contenido relevante. Ya sea que est\u00e9s explorando tecnolog\u00edas emergentes, construyendo una marca digital o siguiendo las \u00faltimas tendencias en transformaci\u00f3n, <strong>NomadBitz<\/strong> Est\u00e1 aqu\u00ed para guiarte e inspirarte en cada paso del camino.<\/p>\n\n\n\n<h3 class=\"wp-block-heading\">\u00bfQu\u00e9 nos motiva?<\/h3>\n\n\n\n<p>En <strong>NomadBitz<\/strong>Creemos que la tecnolog\u00eda no se trata solo de herramientas, sino de personas, impacto y progreso. Nuestra misi\u00f3n es simple: compartir art\u00edculos perspicaces y f\u00e1ciles de entender que ayuden a creadores, profesionales y emprendedores a mantenerse a la vanguardia en un mundo digital en constante cambio. Escribimos no solo para informar, sino para generar ideas e impulsar la acci\u00f3n.<\/p>\n\n\n\n<h3 class=\"wp-block-heading\">Quienes somos<\/h3>\n\n\n\n<p>Somos un equipo de entusiastas de la tecnolog\u00eda, estrategas digitales y narradores de historias apasionados por cerrar la brecha entre la innovaci\u00f3n y la comunicaci\u00f3n. <strong>NomadBitz<\/strong> naci\u00f3 de la necesidad de contenido accesible y atractivo que conecte la tecnolog\u00eda con la toma de decisiones cotidiana, desde empresas emergentes hasta marcas establecidas.<\/p>\n\n\n\n<p>Cubrimos lo que importa: IA, automatizaci\u00f3n, computaci\u00f3n en la nube, productividad, estrategia de contenido, marketing digital y el lado humano de la tecnolog\u00eda.<\/p>\n\n\n\n<p>Aqu\u00ed, no eres solo un lector. Formas parte de una comunidad en crecimiento que valora la curiosidad, el pensamiento cr\u00edtico y el impulso hacia el futuro.<\/p>\n\n\n\n<h3 class=\"wp-block-heading\">Complicarse<\/h3>\n\n\n\n<p>\u00bfTienes alg\u00fan tema que te gustar\u00eda que exploremos? \u00bfQuieres compartir tus ideas o proponer una colaboraci\u00f3n? Nos encantar\u00eda saber de ti. En <strong>NomadBitz<\/strong>Tu voz ayuda a dar forma a lo que viene a continuaci\u00f3n, porque el futuro del contenido se crea en conjunto.<\/p>\n\n\n\n<p>Construyamos algo m\u00e1s inteligente, juntos: una idea, un art\u00edculo, una transformaci\u00f3n a la vez.<\/p>","protected":false},"excerpt":{"rendered":"<p>Bienvenido a NomadBitz, tu centro de conocimientos tecnol\u00f3gicos, innovaci\u00f3n digital y creaci\u00f3n de contenido relevante. Ya sea que est\u00e9s explorando tecnolog\u00edas emergentes, construyendo una marca digital o siguiendo las \u00faltimas tendencias en transformaci\u00f3n, NomadBitz est\u00e1 aqu\u00ed para guiarte e inspirarte en cada paso del camino. Qu\u00e9 nos motiva. En NomadBitz, creemos que la tecnolog\u00eda no se trata solo de [\u2026]<\/p>","protected":false},"author":198,"featured_media":0,"parent":0,"menu_order":0,"comment_status":"closed","ping_status":"closed","template":"","meta":{"footnotes":""},"_links":{"self":[{"href":"https:\/\/nomadbitz.com\/es\/wp-json\/wp\/v2\/pages\/96"}],"collection":[{"href":"https:\/\/nomadbitz.com\/es\/wp-json\/wp\/v2\/pages"}],"about":[{"href":"https:\/\/nomadbitz.com\/es\/wp-json\/wp\/v2\/types\/page"}],"author":[{"embeddable":true,"href":"https:\/\/nomadbitz.com\/es\/wp-json\/wp\/v2\/users\/198"}],"replies":[{"embeddable":true,"href":"https:\/\/nomadbitz.com\/es\/wp-json\/wp\/v2\/comments?post=96"}],"version-history":[{"count":1,"href":"https:\/\/nomadbitz.com\/es\/wp-json\/wp\/v2\/pages\/96\/revisions"}],"predecessor-version":[{"id":97,"href":"https:\/\/nomadbitz.com\/es\/wp-json\/wp\/v2\/pages\/96\/revisions\/97"}],"wp:attachment":[{"href":"https:\/\/nomadbitz.com\/es\/wp-json\/wp\/v2\/media?parent=96"}],"curies":[{"name":"wp","href":"https:\/\/api.w.org\/{rel}","templated":true}]}}