    {"id":98,"date":"2025-06-29T15:58:07","date_gmt":"2025-06-29T15:58:07","guid":{"rendered":"https:\/\/nomadbitz.com\/?page_id=98"},"modified":"2025-06-29T15:58:07","modified_gmt":"2025-06-29T15:58:07","slug":"contact-us","status":"publish","type":"page","link":"https:\/\/nomadbitz.com\/de\/contact-us\/","title":{"rendered":"Kontaktieren Sie uns"},"content":{"rendered":"<p>Vielen Dank f\u00fcr Ihren Besuch <strong>NomadBitz<\/strong>Wir sind Ihre vertrauensw\u00fcrdige Plattform f\u00fcr Technologie-Einblicke, Innovation und digitale Transformation. Ihre Nachrichten sind uns wichtig, und wir unterst\u00fctzen, vernetzen uns und arbeiten gerne mit Ihnen zusammen.<\/p>\n\n\n\n<h3 class=\"wp-block-heading\">Allgemeine Anfragen<\/h3>\n\n\n\n<p>Haben Sie eine Frage zu <strong>NomadBitz<\/strong> Oder m\u00f6chten Sie einfach nur Kontakt aufnehmen? Schreiben Sie uns eine E-Mail an <strong><a>contact@nomadbitz.com<\/a><\/strong><br>Wir freuen uns \u00fcber R\u00fcckmeldungen aus unserer Community und melden uns so schnell wie m\u00f6glich bei Ihnen zur\u00fcck.<\/p>\n\n\n\n<h3 class=\"wp-block-heading\">Inhaltsvorschl\u00e4ge &amp; Beitr\u00e4ge<\/h3>\n\n\n\n<p>Haben Sie eine Idee f\u00fcr einen neuen Artikel? M\u00f6chten Sie Ihr Fachwissen teilen oder ein Thema vorschlagen, das wir behandeln sollten? Kontaktieren Sie uns! <strong><a>editor@nomadbitz.com<\/a><\/strong><br>Wir sind stets auf der Suche nach neuen Perspektiven und Stimmen in der Welt der Technologie, der Content-Strategie und der digitalen Innovation.<\/p>\n\n\n\n<h3 class=\"wp-block-heading\">Technische Unterst\u00fctzung<\/h3>\n\n\n\n<p>Sollten Sie Probleme mit unserer Plattform haben oder Hilfe beim Zugriff auf Inhalte ben\u00f6tigen, z\u00f6gern Sie nicht, uns zu kontaktieren unter <strong><a>support@nomadbitz.com<\/a><\/strong><br>Wir sind hier, um sicherzustellen, dass Ihre Erfahrung mit NomadBitz so reibungslos wie m\u00f6glich verl\u00e4uft.<\/p>\n\n\n\n<h3 class=\"wp-block-heading\">Bleiben Sie in Verbindung<\/h3>\n\n\n\n<p><strong>NomadBitz<\/strong> ist eine digitale Plattform f\u00fcr Leser weltweit. Obwohl wir kein physisches B\u00fcro haben, sind wir immer online \u2013 bereit, zuzuh\u00f6ren, zu unterst\u00fctzen und mit Ihnen zu wachsen.<\/p>\n\n\n\n<p>Vielen Dank noch einmal, dass Sie Teil davon waren <strong>NomadBitz<\/strong> Wir freuen uns darauf, von Ihnen zu h\u00f6ren!<\/p>\n\n\n\n<p><strong>Herzliche Gr\u00fc\u00dfe,<\/strong><br><strong>Das NomadBitz-Team<\/strong><\/p>","protected":false},"excerpt":{"rendered":"<p>Vielen Dank f\u00fcr Ihren Besuch bei NomadBitz, Ihrer vertrauensw\u00fcrdigen Plattform f\u00fcr Technologie-Einblicke, Innovation und digitale Transformation. Wir sch\u00e4tzen Ihre Nachrichten sehr und sind gerne f\u00fcr Sie da, um Sie zu unterst\u00fctzen, mit Ihnen in Kontakt zu treten und zusammenzuarbeiten. Allgemeine Anfragen Haben Sie eine Frage zu NomadBitz oder m\u00f6chten Sie einfach Kontakt aufnehmen? Schreiben Sie uns eine E-Mail an contact@nomadbitz.com. Wir freuen uns \u00fcber R\u00fcckmeldungen aus unserer Community und werden uns umgehend bei Ihnen melden.<\/p>","protected":false},"author":198,"featured_media":0,"parent":0,"menu_order":0,"comment_status":"closed","ping_status":"closed","template":"","meta":{"footnotes":""},"_links":{"self":[{"href":"https:\/\/nomadbitz.com\/de\/wp-json\/wp\/v2\/pages\/98"}],"collection":[{"href":"https:\/\/nomadbitz.com\/de\/wp-json\/wp\/v2\/pages"}],"about":[{"href":"https:\/\/nomadbitz.com\/de\/wp-json\/wp\/v2\/types\/page"}],"author":[{"embeddable":true,"href":"https:\/\/nomadbitz.com\/de\/wp-json\/wp\/v2\/users\/198"}],"replies":[{"embeddable":true,"href":"https:\/\/nomadbitz.com\/de\/wp-json\/wp\/v2\/comments?post=98"}],"version-history":[{"count":1,"href":"https:\/\/nomadbitz.com\/de\/wp-json\/wp\/v2\/pages\/98\/revisions"}],"predecessor-version":[{"id":99,"href":"https:\/\/nomadbitz.com\/de\/wp-json\/wp\/v2\/pages\/98\/revisions\/99"}],"wp:attachment":[{"href":"https:\/\/nomadbitz.com\/de\/wp-json\/wp\/v2\/media?parent=98"}],"curies":[{"name":"wp","href":"https:\/\/api.w.org\/{rel}","templated":true}]}}