    {"id":96,"date":"2025-06-29T15:57:00","date_gmt":"2025-06-29T15:57:00","guid":{"rendered":"https:\/\/nomadbitz.com\/?page_id=96"},"modified":"2025-06-29T15:57:00","modified_gmt":"2025-06-29T15:57:00","slug":"about-us","status":"publish","type":"page","link":"https:\/\/nomadbitz.com\/de\/about-us\/","title":{"rendered":"\u00dcber uns"},"content":{"rendered":"<p>Willkommen bei <strong>NomadBitz<\/strong> \u2013 Ihre zentrale Anlaufstelle f\u00fcr technologiebasierte Erkenntnisse, digitale Innovationen und die Erstellung aussagekr\u00e4ftiger Inhalte. Egal, ob Sie neue Technologien erkunden, eine digitale Marke aufbauen oder die neuesten Trends im Bereich der digitalen Transformation verfolgen, <strong>NomadBitz<\/strong> ist hier, um Sie auf jedem Schritt Ihres Weges zu begleiten und zu inspirieren.<\/p>\n\n\n\n<h3 class=\"wp-block-heading\">Was uns antreibt<\/h3>\n\n\n\n<p>Bei <strong>NomadBitz<\/strong>Wir glauben, dass Technologie mehr ist als nur Werkzeuge \u2013 sie dreht sich um Menschen, ihre Wirkung und Fortschritt. Unsere Mission ist einfach: Wir m\u00f6chten informative und leicht verst\u00e4ndliche Artikel ver\u00f6ffentlichen, die Kreativen, Fachleuten und Unternehmern helfen, in der sich rasant ver\u00e4ndernden digitalen Welt immer einen Schritt voraus zu sein. Wir schreiben nicht nur, um zu informieren, sondern um Ideen anzuregen und zum Handeln zu bewegen.<\/p>\n\n\n\n<h3 class=\"wp-block-heading\">Wer wir sind<\/h3>\n\n\n\n<p>Wir sind ein Team aus Technikbegeisterten, Digitalstrategen und Geschichtenerz\u00e4hlern, die sich leidenschaftlich daf\u00fcr einsetzen, die Kluft zwischen Innovation und Kommunikation zu \u00fcberbr\u00fccken. <strong>NomadBitz<\/strong> entstand aus dem Bed\u00fcrfnis nach zug\u00e4nglichen, ansprechenden Inhalten, die Technologie mit allt\u00e4glichen Entscheidungen verbinden \u2013 von Startups bis hin zu etablierten Marken.<\/p>\n\n\n\n<p>Wir behandeln die wichtigsten Themen: KI, Automatisierung, Cloud Computing, Produktivit\u00e4t, Content-Strategie, digitales Marketing und die menschliche Seite der Technologie.<\/p>\n\n\n\n<p>Hier sind Sie nicht nur ein Leser. Sie sind Teil einer wachsenden Gemeinschaft, die Neugier, kritisches Denken und Fortschritt sch\u00e4tzt.<\/p>\n\n\n\n<h3 class=\"wp-block-heading\">Mach mit!<\/h3>\n\n\n\n<p>Haben Sie ein Thema, das wir genauer beleuchten sollen? M\u00f6chten Sie Ihre Erkenntnisse teilen oder eine Zusammenarbeit vorschlagen? Wir freuen uns, von Ihnen zu h\u00f6ren. <strong>NomadBitz<\/strong>Ihre Stimme hilft dabei, die Zukunft zu gestalten \u2013 denn die Zukunft der Inhalte wird gemeinsam geschaffen.<\/p>\n\n\n\n<p>Lasst uns gemeinsam etwas Intelligenteres aufbauen \u2013 eine Idee, ein Artikel, eine Transformation nach der anderen.<\/p>","protected":false},"excerpt":{"rendered":"<p>Willkommen bei NomadBitz \u2013 Ihrer Plattform f\u00fcr technologiebasierte Einblicke, digitale Innovation und die Erstellung relevanter Inhalte. Ob Sie neue Technologien erkunden, eine digitale Marke aufbauen oder die neuesten Trends der digitalen Transformation verfolgen m\u00f6chten: NomadBitz begleitet und inspiriert Sie auf jedem Schritt Ihres Weges. Was uns antreibt: Wir bei NomadBitz glauben, dass Technologie mehr ist als nur [\u2026]<\/p>","protected":false},"author":198,"featured_media":0,"parent":0,"menu_order":0,"comment_status":"closed","ping_status":"closed","template":"","meta":{"footnotes":""},"_links":{"self":[{"href":"https:\/\/nomadbitz.com\/de\/wp-json\/wp\/v2\/pages\/96"}],"collection":[{"href":"https:\/\/nomadbitz.com\/de\/wp-json\/wp\/v2\/pages"}],"about":[{"href":"https:\/\/nomadbitz.com\/de\/wp-json\/wp\/v2\/types\/page"}],"author":[{"embeddable":true,"href":"https:\/\/nomadbitz.com\/de\/wp-json\/wp\/v2\/users\/198"}],"replies":[{"embeddable":true,"href":"https:\/\/nomadbitz.com\/de\/wp-json\/wp\/v2\/comments?post=96"}],"version-history":[{"count":1,"href":"https:\/\/nomadbitz.com\/de\/wp-json\/wp\/v2\/pages\/96\/revisions"}],"predecessor-version":[{"id":97,"href":"https:\/\/nomadbitz.com\/de\/wp-json\/wp\/v2\/pages\/96\/revisions\/97"}],"wp:attachment":[{"href":"https:\/\/nomadbitz.com\/de\/wp-json\/wp\/v2\/media?parent=96"}],"curies":[{"name":"wp","href":"https:\/\/api.w.org\/{rel}","templated":true}]}}